{"id":3759,"date":"2021-12-24T10:40:55","date_gmt":"2021-12-24T10:40:55","guid":{"rendered":"https:\/\/edi.ag\/?page_id=3759"},"modified":"2022-02-02T07:38:29","modified_gmt":"2022-02-02T07:38:29","slug":"social-media-netiquette-buehlmann-holding-ag","status":"publish","type":"page","link":"https:\/\/edi.ag\/fr\/social-media-netiquette-buehlmann-holding-ag\/","title":{"rendered":"Social Media Netiquette \u2013 B\u00fchlmann Holding AG"},"content":{"rendered":"\t\t<div data-elementor-type=\"wp-page\" data-elementor-id=\"3759\" class=\"elementor elementor-3759\" data-elementor-post-type=\"page\">\n\t\t\t\t\t\t<section class=\"elementor-section elementor-top-section elementor-element elementor-element-4a6491bf elementor-section-boxed elementor-section-height-default elementor-section-height-default\" data-id=\"4a6491bf\" data-element_type=\"section\" data-e-type=\"section\" data-settings=\"{&quot;jet_parallax_layout_list&quot;:[{&quot;jet_parallax_layout_image&quot;:{&quot;url&quot;:&quot;&quot;,&quot;id&quot;:&quot;&quot;,&quot;size&quot;:&quot;&quot;},&quot;_id&quot;:&quot;e31f376&quot;,&quot;jet_parallax_layout_image_tablet&quot;:{&quot;url&quot;:&quot;&quot;,&quot;id&quot;:&quot;&quot;,&quot;size&quot;:&quot;&quot;},&quot;jet_parallax_layout_image_mobile&quot;:{&quot;url&quot;:&quot;&quot;,&quot;id&quot;:&quot;&quot;,&quot;size&quot;:&quot;&quot;},&quot;jet_parallax_layout_speed&quot;:{&quot;unit&quot;:&quot;%&quot;,&quot;size&quot;:50,&quot;sizes&quot;:[]},&quot;jet_parallax_layout_type&quot;:&quot;scroll&quot;,&quot;jet_parallax_layout_direction&quot;:&quot;1&quot;,&quot;jet_parallax_layout_fx_direction&quot;:null,&quot;jet_parallax_layout_z_index&quot;:&quot;&quot;,&quot;jet_parallax_layout_bg_x&quot;:50,&quot;jet_parallax_layout_bg_x_tablet&quot;:&quot;&quot;,&quot;jet_parallax_layout_bg_x_mobile&quot;:&quot;&quot;,&quot;jet_parallax_layout_bg_y&quot;:50,&quot;jet_parallax_layout_bg_y_tablet&quot;:&quot;&quot;,&quot;jet_parallax_layout_bg_y_mobile&quot;:&quot;&quot;,&quot;jet_parallax_layout_bg_size&quot;:&quot;auto&quot;,&quot;jet_parallax_layout_bg_size_tablet&quot;:&quot;&quot;,&quot;jet_parallax_layout_bg_size_mobile&quot;:&quot;&quot;,&quot;jet_parallax_layout_animation_prop&quot;:&quot;transform&quot;,&quot;jet_parallax_layout_on&quot;:[&quot;desktop&quot;,&quot;tablet&quot;]}]}\">\n\t\t\t\t\t\t<div class=\"elementor-container elementor-column-gap-default\">\n\t\t\t\t\t<div class=\"elementor-column elementor-col-100 elementor-top-column elementor-element elementor-element-52bed9ac\" data-id=\"52bed9ac\" data-element_type=\"column\" data-e-type=\"column\">\n\t\t\t<div class=\"elementor-widget-wrap elementor-element-populated\">\n\t\t\t\t\t\t<div class=\"elementor-element elementor-element-3b6bd196 elementor-widget elementor-widget-text-editor\" data-id=\"3b6bd196\" data-element_type=\"widget\" data-e-type=\"widget\" data-widget_type=\"text-editor.default\">\n\t\t\t\t<div class=\"elementor-widget-container\">\n\t\t\t\t\t\t\t\t\t<p><\/p>\n<p>Willkommen auf unseren Social-Media-Kan\u00e4len. Wir freuen uns, dass Beitr\u00e4ge und Themen unsere Besucher zur Diskussion anregen und sind gespannt auf Ihre Meinung.<\/p>\n<p><\/p>\n<p><\/p>\n<p>Grunds\u00e4tzlich begr\u00fcssen wir R\u00fcckmeldungen jeglicher Art. Dabei legen wir grossen Wert darauf, dass sich die Diskussionsteilnehmenden frei \u00e4ussern k\u00f6nnen und niemand ausgeschlossen wird. Gerade deshalb m\u00fcssen wir darauf bestehen, dass Beitr\u00e4ge auch bei inhaltlichen Differenzen konstruktiv und sachlich formuliert bleiben.<\/p>\n<p><\/p>\n<p><\/p>\n<p>Wir behalten uns vor, Spam und Werbung, sowie Beitr\u00e4ge und Kommentare zu entfernen, die aus unserer Sicht unangemessen, verletzend oder themenfremd sind.<\/p>\n<p><\/p>\n<p><\/p>\n<p>Nicht erlaubt sind insbesondere folgende Inhalte:<\/p>\n<p><\/p>\n<p><\/p>\n<ul class=\"wp-block-list\">\n<li>Anst\u00f6ssige, obsz\u00f6ne, diskriminierende, pornografische oder rassistische Inhalte<\/li>\n<li>Beleidigende oder Dritte herabsetzende, irref\u00fchrende, pers\u00f6nlich angreifende, bedrohende, zu Gewalt auffordernde oder gesetzeswidrige Inhalte<\/li>\n<li>Nicht jugendfreie oder anz\u00fcgliche \u00c4usserungen<\/li>\n<li>Pers\u00f6nliche Angriffe<\/li>\n<li>Aktivit\u00e4ten oder Beitr\u00e4ge, welche das einwandfreie Funktionieren der betreffenden Social-Media-Plattformen beeintr\u00e4chtigen, sowie Dokumente und Links, die sch\u00e4dliche Viren oder \u00c4hnliches enthalten.<\/li>\n<li>Inhalte die gegen Rechte der B\u00fchlmann Holding AG, oder Rechte Dritter (inkl. deren Urheber- und Ihre Pers\u00f6nlichkeitsrechte) verstossen.<\/li>\n<li>Pers\u00f6nliche Daten von Ihnen oder anderen Personen, die eine Verletzung des Datenschutzes oder der Datensicherheit bedeuten.<\/li><\/ul><div><br><\/div><div><br><\/div><ul>\n<\/ul>\n<p><\/p>\n<p><\/p>\n<p>Bitte beachten Sie, dass es sich bei diesen Social-Media-Plattformen um Dienste Dritter handelt. B\u00fchlmann Holding AG gibt weder Zusicherungen noch Garantien, dass diese Kan\u00e4le jederzeit zug\u00e4nglich sind oder ununterbrochen und fehlerfrei funktionieren. Dies bezieht sich auch auf die Datenschutzbestimmungen und Sicherheitsmassnahmen dieser Plattformen, auf welche B\u00fchlmann Holding AG keinerlei Einfluss hat.<\/p><p><br><\/p>\n<p><\/p>\n<p><\/p>\n<p><strong>Disclaimer<\/strong><\/p>\n<p><\/p>\n<p><\/p>\n<p>Alle Besuchenden sind f\u00fcr die von ihnen ver\u00f6ffentlichten Beitr\u00e4ge selbst verantwortlich.<\/p>\n<p><\/p>\n<p><\/p>\n<p>Mit dem Freigeben eines Kommentars auf unseren Social-Media-Kan\u00e4len erkl\u00e4ren Sie sich einverstanden, dass Ihre Aussagen \u00f6ffentlich zug\u00e4nglich gemacht werden und daraufhin auch zitiert werden k\u00f6nnen.<\/p>\n<p><\/p>\n<p><\/p>\n<p>Wir w\u00fcnschen bereichernde Auseinandersetzungen mit unseren Beitr\u00e4gen und einen interessanten Meinungsaustausch.<\/p>\n<p><\/p>\t\t\t\t\t\t\t\t<\/div>\n\t\t\t\t<\/div>\n\t\t\t\t\t<\/div>\n\t\t<\/div>\n\t\t\t\t\t<\/div>\n\t\t<\/section>\n\t\t\t\t<\/div>\n\t\t","protected":false},"excerpt":{"rendered":"<p>Willkommen auf unseren Social-Media-Kan\u00e4len. Wir freuen uns, dass Beitr\u00e4ge und Themen unsere Besucher zur Diskussion anregen und sind gespannt auf Ihre Meinung. Grunds\u00e4tzlich begr\u00fcssen wir R\u00fcckmeldungen jeglicher Art. Dabei legen wir grossen Wert darauf, dass sich die Diskussionsteilnehmenden frei \u00e4ussern k\u00f6nnen und niemand ausgeschlossen wird. Gerade deshalb m\u00fcssen wir darauf bestehen, dass Beitr\u00e4ge auch bei [&hellip;]<\/p>\n","protected":false},"author":1,"featured_media":0,"parent":0,"menu_order":0,"comment_status":"closed","ping_status":"closed","template":"","meta":{"_acf_changed":false,"footnotes":""},"class_list":["post-3759","page","type-page","status-publish","hentry"],"acf":[],"_links":{"self":[{"href":"https:\/\/edi.ag\/fr\/wp-json\/wp\/v2\/pages\/3759","targetHints":{"allow":["GET"]}}],"collection":[{"href":"https:\/\/edi.ag\/fr\/wp-json\/wp\/v2\/pages"}],"about":[{"href":"https:\/\/edi.ag\/fr\/wp-json\/wp\/v2\/types\/page"}],"author":[{"embeddable":true,"href":"https:\/\/edi.ag\/fr\/wp-json\/wp\/v2\/users\/1"}],"replies":[{"embeddable":true,"href":"https:\/\/edi.ag\/fr\/wp-json\/wp\/v2\/comments?post=3759"}],"version-history":[{"count":7,"href":"https:\/\/edi.ag\/fr\/wp-json\/wp\/v2\/pages\/3759\/revisions"}],"predecessor-version":[{"id":3876,"href":"https:\/\/edi.ag\/fr\/wp-json\/wp\/v2\/pages\/3759\/revisions\/3876"}],"wp:attachment":[{"href":"https:\/\/edi.ag\/fr\/wp-json\/wp\/v2\/media?parent=3759"}],"curies":[{"name":"wp","href":"https:\/\/api.w.org\/{rel}","templated":true}]}}