{"id":38,"date":"2020-02-03T07:27:19","date_gmt":"2020-02-03T07:27:19","guid":{"rendered":"https:\/\/edi.ag\/?page_id=38"},"modified":"2025-01-27T16:01:27","modified_gmt":"2025-01-27T16:01:27","slug":"sammelstelle","status":"publish","type":"page","link":"https:\/\/edi.ag\/fr\/sammelstelle\/","title":{"rendered":"Point de collecte"},"content":{"rendered":"\t\t<div data-elementor-type=\"wp-page\" data-elementor-id=\"38\" class=\"elementor elementor-38\" data-elementor-post-type=\"page\">\n\t\t\t\t\t\t<section data-dce-background-image-url=\"https:\/\/edi.ag\/wp-content\/uploads\/2021\/06\/Asset-98.svg\" data-dce-background-overlay-image-url=\"https:\/\/edi.ag\/wp-content\/uploads\/2020\/02\/overlay-subsite-1.svg\" class=\"elementor-section elementor-top-section elementor-element elementor-element-4956338 elementor-section-height-min-height elementor-section-boxed elementor-section-height-default elementor-section-items-middle\" data-id=\"4956338\" data-element_type=\"section\" data-e-type=\"section\" data-settings=\"{&quot;background_background&quot;:&quot;classic&quot;,&quot;jet_parallax_layout_list&quot;:[{&quot;jet_parallax_layout_image&quot;:{&quot;url&quot;:&quot;&quot;,&quot;id&quot;:&quot;&quot;,&quot;size&quot;:&quot;&quot;},&quot;_id&quot;:&quot;2420153&quot;,&quot;jet_parallax_layout_image_tablet&quot;:{&quot;url&quot;:&quot;&quot;,&quot;id&quot;:&quot;&quot;,&quot;size&quot;:&quot;&quot;},&quot;jet_parallax_layout_image_mobile&quot;:{&quot;url&quot;:&quot;&quot;,&quot;id&quot;:&quot;&quot;,&quot;size&quot;:&quot;&quot;},&quot;jet_parallax_layout_speed&quot;:{&quot;unit&quot;:&quot;%&quot;,&quot;size&quot;:50,&quot;sizes&quot;:[]},&quot;jet_parallax_layout_type&quot;:&quot;scroll&quot;,&quot;jet_parallax_layout_direction&quot;:&quot;1&quot;,&quot;jet_parallax_layout_fx_direction&quot;:null,&quot;jet_parallax_layout_z_index&quot;:&quot;&quot;,&quot;jet_parallax_layout_bg_x&quot;:50,&quot;jet_parallax_layout_bg_x_tablet&quot;:&quot;&quot;,&quot;jet_parallax_layout_bg_x_mobile&quot;:&quot;&quot;,&quot;jet_parallax_layout_bg_y&quot;:50,&quot;jet_parallax_layout_bg_y_tablet&quot;:&quot;&quot;,&quot;jet_parallax_layout_bg_y_mobile&quot;:&quot;&quot;,&quot;jet_parallax_layout_bg_size&quot;:&quot;auto&quot;,&quot;jet_parallax_layout_bg_size_tablet&quot;:&quot;&quot;,&quot;jet_parallax_layout_bg_size_mobile&quot;:&quot;&quot;,&quot;jet_parallax_layout_animation_prop&quot;:&quot;transform&quot;,&quot;jet_parallax_layout_on&quot;:[&quot;desktop&quot;,&quot;tablet&quot;]}]}\">\n\t\t\t\t\t\t\t<div class=\"elementor-background-overlay\"><\/div>\n\t\t\t\t\t\t\t<div class=\"elementor-container elementor-column-gap-default\">\n\t\t\t\t\t<div class=\"elementor-column elementor-col-100 elementor-top-column elementor-element elementor-element-c8486ab\" data-id=\"c8486ab\" data-element_type=\"column\" data-e-type=\"column\">\n\t\t\t<div class=\"elementor-widget-wrap elementor-element-populated\">\n\t\t\t\t\t\t<div class=\"elementor-element elementor-element-c270208 elementor-widget elementor-widget-ucaddon_heading\" data-id=\"c270208\" data-element_type=\"widget\" data-e-type=\"widget\" data-widget_type=\"ucaddon_heading.default\">\n\t\t\t\t<div class=\"elementor-widget-container\">\n\t\t\t\t\t\n<!-- start Heading -->\n\n<h4 class=\"primary-color\">SammelStelle<\/h4>\n<h1 class=\"\">Sie m\u00f6chten Ihre Abf\u00e4lle direkt bei uns vorbeibringen?<br>\nDas geht ganz einfach!<\/h1>\n<p>Unser modernes Wiederverwertungszentrum wurde speziell f\u00fcr Anlieferer kleiner Abfallmengen eingerichtet. Besucher aus Privathaushalten k\u00f6nnen ihre Abf\u00e4lle selbstst\u00e4ndig und unkompliziert entsorgen. Kommen Sie vorbei, wir nehmen fast jede Art von Abfall an und freuen uns, Ihnen bei der Annahme zu helfen.<\/p>\n\n<!-- end Heading -->\t\t\t\t<\/div>\n\t\t\t\t<\/div>\n\t\t\t\t\t<\/div>\n\t\t<\/div>\n\t\t\t\t\t<\/div>\n\t\t<\/section>\n\t\t\t\t<section data-dce-background-color=\"#FFFFFF\" class=\"elementor-section elementor-top-section elementor-element elementor-element-8b44d45 elementor-section-boxed elementor-section-height-default elementor-section-height-default\" data-id=\"8b44d45\" data-element_type=\"section\" data-e-type=\"section\" data-settings=\"{&quot;background_background&quot;:&quot;classic&quot;,&quot;jet_parallax_layout_list&quot;:[{&quot;jet_parallax_layout_image&quot;:{&quot;url&quot;:&quot;&quot;,&quot;id&quot;:&quot;&quot;,&quot;size&quot;:&quot;&quot;},&quot;_id&quot;:&quot;8556da6&quot;,&quot;jet_parallax_layout_image_tablet&quot;:{&quot;url&quot;:&quot;&quot;,&quot;id&quot;:&quot;&quot;,&quot;size&quot;:&quot;&quot;},&quot;jet_parallax_layout_image_mobile&quot;:{&quot;url&quot;:&quot;&quot;,&quot;id&quot;:&quot;&quot;,&quot;size&quot;:&quot;&quot;},&quot;jet_parallax_layout_speed&quot;:{&quot;unit&quot;:&quot;%&quot;,&quot;size&quot;:50,&quot;sizes&quot;:[]},&quot;jet_parallax_layout_type&quot;:&quot;scroll&quot;,&quot;jet_parallax_layout_direction&quot;:&quot;1&quot;,&quot;jet_parallax_layout_fx_direction&quot;:null,&quot;jet_parallax_layout_z_index&quot;:&quot;&quot;,&quot;jet_parallax_layout_bg_x&quot;:50,&quot;jet_parallax_layout_bg_x_tablet&quot;:&quot;&quot;,&quot;jet_parallax_layout_bg_x_mobile&quot;:&quot;&quot;,&quot;jet_parallax_layout_bg_y&quot;:50,&quot;jet_parallax_layout_bg_y_tablet&quot;:&quot;&quot;,&quot;jet_parallax_layout_bg_y_mobile&quot;:&quot;&quot;,&quot;jet_parallax_layout_bg_size&quot;:&quot;auto&quot;,&quot;jet_parallax_layout_bg_size_tablet&quot;:&quot;&quot;,&quot;jet_parallax_layout_bg_size_mobile&quot;:&quot;&quot;,&quot;jet_parallax_layout_animation_prop&quot;:&quot;transform&quot;,&quot;jet_parallax_layout_on&quot;:[&quot;desktop&quot;,&quot;tablet&quot;]}]}\">\n\t\t\t\t\t\t<div class=\"elementor-container elementor-column-gap-default\">\n\t\t\t\t\t<div class=\"elementor-column elementor-col-100 elementor-top-column elementor-element elementor-element-2392739\" data-id=\"2392739\" data-element_type=\"column\" data-e-type=\"column\">\n\t\t\t<div class=\"elementor-widget-wrap elementor-element-populated\">\n\t\t\t\t\t\t<div class=\"elementor-element elementor-element-95ba227 elementor-widget elementor-widget-ucaddon_heading\" data-id=\"95ba227\" data-element_type=\"widget\" data-e-type=\"widget\" data-widget_type=\"ucaddon_heading.default\">\n\t\t\t\t<div class=\"elementor-widget-container\">\n\t\t\t\t\t\n<!-- start Heading -->\n\n<h4 class=\"primary-color\">Sammelstelle<\/h4>\n<h2 class=\"\">F\u00fcr unsere Umwelt - Gemeinsam nachhaltig handeln<\/h2>\n\n<!-- end Heading -->\t\t\t\t<\/div>\n\t\t\t\t<\/div>\n\t\t\t\t<div class=\"elementor-element elementor-element-19ac495 elementor-widget elementor-widget-ucaddon_simple_text\" data-id=\"19ac495\" data-element_type=\"widget\" data-e-type=\"widget\" data-widget_type=\"ucaddon_simple_text.default\">\n\t\t\t\t<div class=\"elementor-widget-container\">\n\t\t\t\t\t\n<!-- start Simple Text -->\n\n<p class=\"\">Kommen Sie w\u00e4hrend den \u00d6ffnungszeiten auf unser Areal am Industriering 6 und parken Sie Ihr Fahrzeug vor der \u00fcberdachten Sammelstelle. Unsere Mitarbeitenden stehen Ihnen vor Ort tatkr\u00e4ftig und beratend bei der Entsorgung zur Seite.<\/p>\n<!-- end Simple Text -->\t\t\t\t<\/div>\n\t\t\t\t<\/div>\n\t\t\t\t<div class=\"elementor-element elementor-element-b365fc7 elementor-widget elementor-widget-ucaddon_image_list\" data-id=\"b365fc7\" data-element_type=\"widget\" data-e-type=\"widget\" data-widget_type=\"ucaddon_image_list.default\">\n\t\t\t\t<div class=\"elementor-widget-container\">\n\t\t\t\t\t\n<!-- start Image List -->\n\n<div class=\"btn-img-popup\">\n\n<figure class=\"image-box-img\">\n  <a href=\"https:\/\/edi.ag\/wp-content\/uploads\/2021\/06\/Zeichenflaeche-26-Kopie-2.svg\"><img decoding=\"async\" width=\"150\" height=\"150\" src=\"https:\/\/edi.ag\/wp-content\/uploads\/2021\/06\/Zeichenflaeche-26-Kopie-2.svg\" alt=\"Sortieren\"><\/a>\n<\/figure>\n<h3>Sortieren<\/h3>\n<p>Im Idealfall werden Abf\u00e4lle direkt bei der Entstehung vorsortiert. Dies vereinfacht deren Aufbereitung und schont die Umwelt. Deshalb sind die Beh\u00e4lter an unserer Sammelstelle deutlich beschriftet und machen Ihnen damit eine sortenreine Entsorgung und Trennung Ihre Abf\u00e4lle einfach.<\/p>\n<\/div>\n<!-- end Image List -->\t\t\t\t<\/div>\n\t\t\t\t<\/div>\n\t\t\t\t<div class=\"elementor-element elementor-element-0c2d974 elementor-widget elementor-widget-ucaddon_image_list\" data-id=\"0c2d974\" data-element_type=\"widget\" data-e-type=\"widget\" data-widget_type=\"ucaddon_image_list.default\">\n\t\t\t\t<div class=\"elementor-widget-container\">\n\t\t\t\t\t\n<!-- start Image List -->\n\n<div class=\"btn-img-popup\">\n\n<figure class=\"image-box-img\">\n  <a href=\"https:\/\/edi.ag\/wp-content\/uploads\/2021\/06\/Zeichenflaeche-26-Kopie.svg\"><img decoding=\"async\" width=\"150\" height=\"150\" src=\"https:\/\/edi.ag\/wp-content\/uploads\/2021\/06\/Zeichenflaeche-26-Kopie.svg\" alt=\"Entsorgen\"><\/a>\n<\/figure>\n<h3>Entsorgen<\/h3>\n<p>Die Kosten der Entsorgung werden nach  Gewicht bestimmt. Stapeln Sie hierf\u00fcr die Abf\u00e4lle einfach auf die Waage und folgen den Anweisungen unserer Mitarbeiter. Kostenlose Abf\u00e4lle k\u00f6nnen, nat\u00fcrlich ohne zu wiegen, direkt in den daf\u00fcr vorgesehenen Beh\u00e4ltern entsorgt werden. <\/p>\n<\/div>\n<!-- end Image List -->\t\t\t\t<\/div>\n\t\t\t\t<\/div>\n\t\t\t\t<div class=\"elementor-element elementor-element-3f65050 elementor-widget elementor-widget-ucaddon_image_list\" data-id=\"3f65050\" data-element_type=\"widget\" data-e-type=\"widget\" data-widget_type=\"ucaddon_image_list.default\">\n\t\t\t\t<div class=\"elementor-widget-container\">\n\t\t\t\t\t\n<!-- start Image List -->\n\n<div class=\"btn-img-popup\">\n\n<figure class=\"image-box-img\">\n  <a href=\"https:\/\/edi.ag\/wp-content\/uploads\/2021\/06\/Zeichenflaeche-26.svg\"><img decoding=\"async\" width=\"150\" height=\"150\" src=\"https:\/\/edi.ag\/wp-content\/uploads\/2021\/06\/Zeichenflaeche-26.svg\" alt=\"Frei von Sorgen\"><\/a>\n<\/figure>\n<h3>Frei von Sorgen<\/h3>\n<p>Ihre Abf\u00e4lle sind bei uns gut aufgehoben und Sie d\u00fcrfen uns mit gutem Gewissen das fach- und sachgerechte Recycling \u00fcberlassen. Sie haben Ihren Abfall gesammelt, getrennt und bei uns entsorgt - nun k\u00fcmmern wir uns um die effiziente und umweltgerechte Schliessung des Recyclingkreislaufs.<\/p>\n<\/div>\n<!-- end Image List -->\t\t\t\t<\/div>\n\t\t\t\t<\/div>\n\t\t\t\t\t<\/div>\n\t\t<\/div>\n\t\t\t\t\t<\/div>\n\t\t<\/section>\n\t\t\t\t<section class=\"elementor-section elementor-top-section elementor-element elementor-element-991ddff elementor-section-boxed elementor-section-height-default elementor-section-height-default\" data-id=\"991ddff\" data-element_type=\"section\" data-e-type=\"section\" data-settings=\"{&quot;jet_parallax_layout_list&quot;:[{&quot;jet_parallax_layout_image&quot;:{&quot;url&quot;:&quot;&quot;,&quot;id&quot;:&quot;&quot;,&quot;size&quot;:&quot;&quot;},&quot;_id&quot;:&quot;85e6964&quot;,&quot;jet_parallax_layout_image_tablet&quot;:{&quot;url&quot;:&quot;&quot;,&quot;id&quot;:&quot;&quot;,&quot;size&quot;:&quot;&quot;},&quot;jet_parallax_layout_image_mobile&quot;:{&quot;url&quot;:&quot;&quot;,&quot;id&quot;:&quot;&quot;,&quot;size&quot;:&quot;&quot;},&quot;jet_parallax_layout_speed&quot;:{&quot;unit&quot;:&quot;%&quot;,&quot;size&quot;:50,&quot;sizes&quot;:[]},&quot;jet_parallax_layout_type&quot;:&quot;scroll&quot;,&quot;jet_parallax_layout_direction&quot;:&quot;1&quot;,&quot;jet_parallax_layout_fx_direction&quot;:null,&quot;jet_parallax_layout_z_index&quot;:&quot;&quot;,&quot;jet_parallax_layout_bg_x&quot;:50,&quot;jet_parallax_layout_bg_x_tablet&quot;:&quot;&quot;,&quot;jet_parallax_layout_bg_x_mobile&quot;:&quot;&quot;,&quot;jet_parallax_layout_bg_y&quot;:50,&quot;jet_parallax_layout_bg_y_tablet&quot;:&quot;&quot;,&quot;jet_parallax_layout_bg_y_mobile&quot;:&quot;&quot;,&quot;jet_parallax_layout_bg_size&quot;:&quot;auto&quot;,&quot;jet_parallax_layout_bg_size_tablet&quot;:&quot;&quot;,&quot;jet_parallax_layout_bg_size_mobile&quot;:&quot;&quot;,&quot;jet_parallax_layout_animation_prop&quot;:&quot;transform&quot;,&quot;jet_parallax_layout_on&quot;:[&quot;desktop&quot;,&quot;tablet&quot;]}]}\">\n\t\t\t\t\t\t<div class=\"elementor-container elementor-column-gap-default\">\n\t\t\t\t\t<div class=\"elementor-column elementor-col-50 elementor-top-column elementor-element elementor-element-141f51a\" data-id=\"141f51a\" data-element_type=\"column\" data-e-type=\"column\">\n\t\t\t<div class=\"elementor-widget-wrap elementor-element-populated\">\n\t\t\t\t\t\t<div class=\"elementor-element elementor-element-a3d7da3 elementor-widget elementor-widget-ucaddon_simple_text\" data-id=\"a3d7da3\" data-element_type=\"widget\" data-e-type=\"widget\" data-widget_type=\"ucaddon_simple_text.default\">\n\t\t\t\t<div class=\"elementor-widget-container\">\n\t\t\t\t\t\n<!-- start Simple Text -->\n\n<h3 class=\"\">Kostenlose Abf\u00e4lle<\/h3>\n<!-- end Simple Text -->\t\t\t\t<\/div>\n\t\t\t\t<\/div>\n\t\t\t\t<div class=\"elementor-element elementor-element-87ddb4d elementor-widget elementor-widget-ucaddon_item_list\" data-id=\"87ddb4d\" data-element_type=\"widget\" data-e-type=\"widget\" data-widget_type=\"ucaddon_item_list.default\">\n\t\t\t\t<div class=\"elementor-widget-container\">\n\t\t\t\t\t\n<!-- start Item List -->\n\n<div class=\"ohne-preis\">\n<div class=\"item-wrapper d-flex box-shadow-small\">\n<div class=\"titel\"><span>Eisen<\/span><\/div><div class=\"d-flex preis-wrap\"><span><\/span><span class=\"preis primary-color\"><\/span><\/div>\n<\/div>\n<div class=\"item-wrapper d-flex box-shadow-small\">\n<div class=\"titel\"><span>Metalle<\/span><\/div><div class=\"d-flex preis-wrap\"><span><\/span><span class=\"preis primary-color\"><\/span><\/div>\n<\/div>\n<div class=\"item-wrapper d-flex box-shadow-small\">\n<div class=\"titel\"><span>Papier und Karton<\/span><\/div><div class=\"d-flex preis-wrap\"><span><\/span><span class=\"preis primary-color\"><\/span><\/div>\n<\/div>\n<div class=\"item-wrapper d-flex box-shadow-small\">\n<div class=\"titel\"><span>Elektronikschrott (Swico)<\/span><\/div><div class=\"d-flex preis-wrap\"><span><\/span><span class=\"preis primary-color\"><\/span><\/div>\n<\/div>\n<div class=\"item-wrapper d-flex box-shadow-small\">\n<div class=\"titel\"><span> PET<\/span><\/div><div class=\"d-flex preis-wrap\"><span><\/span><span class=\"preis primary-color\"><\/span><\/div>\n<\/div>\n<div class=\"item-wrapper d-flex box-shadow-small\">\n<div class=\"titel\"><span>Flaschenglas<\/span><\/div><div class=\"d-flex preis-wrap\"><span><\/span><span class=\"preis primary-color\"><\/span><\/div>\n<\/div>\n<div class=\"item-wrapper d-flex box-shadow-small\">\n<div class=\"titel\"><span>Elektroschrott (SENS)<\/span><\/div><div class=\"d-flex preis-wrap\"><span><\/span><span class=\"preis primary-color\"><\/span><\/div>\n<\/div>\n<div class=\"item-wrapper d-flex box-shadow-small\">\n<div class=\"titel\"><span>Alu und Weissblech\t<\/span><\/div><div class=\"d-flex preis-wrap\"><span><\/span><span class=\"preis primary-color\"><\/span><\/div>\n<\/div>\n<div class=\"item-wrapper d-flex box-shadow-small\">\n<div class=\"titel\"><span>Nespresso Kapseln<\/span><\/div><div class=\"d-flex preis-wrap\"><span><\/span><span class=\"preis primary-color\"><\/span><\/div>\n<\/div>\n\n<\/div>\n<!-- end Item List -->\t\t\t\t<\/div>\n\t\t\t\t<\/div>\n\t\t\t\t\t<\/div>\n\t\t<\/div>\n\t\t\t\t<div class=\"elementor-column elementor-col-50 elementor-top-column elementor-element elementor-element-ff0b76f\" data-id=\"ff0b76f\" data-element_type=\"column\" data-e-type=\"column\">\n\t\t\t<div class=\"elementor-widget-wrap elementor-element-populated\">\n\t\t\t\t\t\t<div class=\"elementor-element elementor-element-b2db0f6 elementor-widget elementor-widget-ucaddon_simple_text\" data-id=\"b2db0f6\" data-element_type=\"widget\" data-e-type=\"widget\" data-widget_type=\"ucaddon_simple_text.default\">\n\t\t\t\t<div class=\"elementor-widget-container\">\n\t\t\t\t\t\n<!-- start Simple Text -->\n\n<h3 class=\"\">Kosteng\u00fcnstig<\/h3>\n<!-- end Simple Text -->\t\t\t\t<\/div>\n\t\t\t\t<\/div>\n\t\t\t\t<div class=\"elementor-element elementor-element-7668dc7 elementor-widget elementor-widget-ucaddon_item_list\" data-id=\"7668dc7\" data-element_type=\"widget\" data-e-type=\"widget\" data-widget_type=\"ucaddon_item_list.default\">\n\t\t\t\t<div class=\"elementor-widget-container\">\n\t\t\t\t\t\n<!-- start Item List -->\n\n<div class=\"mit-preis\">\n<div class=\"item-wrapper d-flex box-shadow-small\">\n<div class=\"titel\"><span>Gr\u00fcngut<\/span><\/div><div class=\"d-flex preis-wrap\"><span>0.40<\/span><span class=\"preis primary-color\">CHF\/kg<\/span><\/div>\n<\/div>\n<div class=\"item-wrapper d-flex box-shadow-small\">\n<div class=\"titel\"><span>Holz<\/span><\/div><div class=\"d-flex preis-wrap\"><span>0.40<\/span><span class=\"preis primary-color\">CHF\/kg<\/span><\/div>\n<\/div>\n<div class=\"item-wrapper d-flex box-shadow-small\">\n<div class=\"titel\"><span>Inert<\/span><\/div><div class=\"d-flex preis-wrap\"><span>0.40<\/span><span class=\"preis primary-color\">CHF\/kg<\/span><\/div>\n<\/div>\n<div class=\"item-wrapper d-flex box-shadow-small\">\n<div class=\"titel\"><span>Sperrgut<\/span><\/div><div class=\"d-flex preis-wrap\"><span>0.40<\/span><span class=\"preis primary-color\">CHF\/kg<\/span><\/div>\n<\/div>\n<div class=\"item-wrapper d-flex box-shadow-small\">\n<div class=\"titel\"><span>Flachglas<\/span><\/div><div class=\"d-flex preis-wrap\"><span>0.40<\/span><span class=\"preis primary-color\">CHF\/kg<\/span><\/div>\n<\/div>\n<div class=\"item-wrapper d-flex box-shadow-small\">\n<div class=\"titel\"><span>Kehricht<\/span><\/div><div class=\"d-flex preis-wrap\"><span>0.40<\/span><span class=\"preis primary-color\">CHF\/kg<\/span><\/div>\n<\/div>\n<div class=\"item-wrapper d-flex box-shadow-small\">\n<div class=\"titel\"><span>Kunststoff\t<\/span><\/div><div class=\"d-flex preis-wrap\"><span>0.40<\/span><span class=\"preis primary-color\">CHF\/kg<\/span><\/div>\n<\/div>\n<div class=\"item-wrapper d-flex box-shadow-small\">\n<div class=\"titel\"><span>Sagex, Polystyrol<\/span><\/div><div class=\"d-flex preis-wrap\"><span>5.00 CHF<\/span><span class=\"preis primary-color\">pro 100 l<\/span><\/div>\n<\/div>\n<div class=\"item-wrapper d-flex box-shadow-small\">\n<div class=\"titel\"><span>Sonderabf\u00e4lle<\/span><\/div><div class=\"d-flex preis-wrap\"><span>4.20<\/span><span class=\"preis primary-color\">CHF\/kg<\/span><\/div>\n<\/div>\n<div class=\"item-wrapper d-flex box-shadow-small\">\n<div class=\"titel\"><span>Alt\u00f6l<\/span><\/div><div class=\"d-flex preis-wrap\"><span>0.50<\/span><span class=\"preis primary-color\">CHF\/kg<\/span><\/div>\n<\/div>\n\n<\/div>\n<!-- end Item List -->\t\t\t\t<\/div>\n\t\t\t\t<\/div>\n\t\t\t\t<div class=\"elementor-element elementor-element-346dd75 elementor-widget elementor-widget-heading\" data-id=\"346dd75\" data-element_type=\"widget\" data-e-type=\"widget\" data-widget_type=\"heading.default\">\n\t\t\t\t<div class=\"elementor-widget-container\">\n\t\t\t\t\t<p class=\"elementor-heading-title elementor-size-default\">Nur Barzahlung m\u00f6glich. <\/p>\t\t\t\t<\/div>\n\t\t\t\t<\/div>\n\t\t\t\t\t<\/div>\n\t\t<\/div>\n\t\t\t\t\t<\/div>\n\t\t<\/section>\n\t\t\t\t<section class=\"elementor-section elementor-top-section elementor-element elementor-element-f441540 elementor-section-full_width elementor-section-height-min-height elementor-section-items-stretch elementor-section-height-default\" data-id=\"f441540\" data-element_type=\"section\" data-e-type=\"section\" data-settings=\"{&quot;jet_parallax_layout_list&quot;:[{&quot;jet_parallax_layout_image&quot;:{&quot;url&quot;:&quot;&quot;,&quot;id&quot;:&quot;&quot;,&quot;size&quot;:&quot;&quot;},&quot;_id&quot;:&quot;68e340d&quot;,&quot;jet_parallax_layout_image_tablet&quot;:{&quot;url&quot;:&quot;&quot;,&quot;id&quot;:&quot;&quot;,&quot;size&quot;:&quot;&quot;},&quot;jet_parallax_layout_image_mobile&quot;:{&quot;url&quot;:&quot;&quot;,&quot;id&quot;:&quot;&quot;,&quot;size&quot;:&quot;&quot;},&quot;jet_parallax_layout_speed&quot;:{&quot;unit&quot;:&quot;%&quot;,&quot;size&quot;:50,&quot;sizes&quot;:[]},&quot;jet_parallax_layout_type&quot;:&quot;scroll&quot;,&quot;jet_parallax_layout_direction&quot;:&quot;1&quot;,&quot;jet_parallax_layout_fx_direction&quot;:null,&quot;jet_parallax_layout_z_index&quot;:&quot;&quot;,&quot;jet_parallax_layout_bg_x&quot;:50,&quot;jet_parallax_layout_bg_x_tablet&quot;:&quot;&quot;,&quot;jet_parallax_layout_bg_x_mobile&quot;:&quot;&quot;,&quot;jet_parallax_layout_bg_y&quot;:50,&quot;jet_parallax_layout_bg_y_tablet&quot;:&quot;&quot;,&quot;jet_parallax_layout_bg_y_mobile&quot;:&quot;&quot;,&quot;jet_parallax_layout_bg_size&quot;:&quot;auto&quot;,&quot;jet_parallax_layout_bg_size_tablet&quot;:&quot;&quot;,&quot;jet_parallax_layout_bg_size_mobile&quot;:&quot;&quot;,&quot;jet_parallax_layout_animation_prop&quot;:&quot;transform&quot;,&quot;jet_parallax_layout_on&quot;:[&quot;desktop&quot;,&quot;tablet&quot;]}]}\">\n\t\t\t\t\t\t<div class=\"elementor-container elementor-column-gap-no\">\n\t\t\t\t\t<div class=\"elementor-column elementor-col-50 elementor-top-column elementor-element elementor-element-c35ea80\" data-id=\"c35ea80\" data-element_type=\"column\" data-e-type=\"column\">\n\t\t\t<div class=\"elementor-widget-wrap elementor-element-populated\">\n\t\t\t\t\t\t<div class=\"elementor-element elementor-element-b39fb42 elementor-widget elementor-widget-google_maps\" data-id=\"b39fb42\" data-element_type=\"widget\" data-e-type=\"widget\" data-widget_type=\"google_maps.default\">\n\t\t\t\t<div class=\"elementor-widget-container\">\n\t\t\t\t\t\t\t<div class=\"elementor-custom-embed\">\n\t\t\t<iframe loading=\"lazy\"\n\t\t\t\t\tsrc=\"https:\/\/maps.google.com\/maps?q=Industriering%204%203250%20Lyss&#038;t=m&#038;z=15&#038;output=embed&#038;iwloc=near\"\n\t\t\t\t\ttitle=\"Industriering 4 3250 Lyss\"\n\t\t\t\t\taria-label=\"Industriering 4 3250 Lyss\"\n\t\t\t><\/iframe>\n\t\t<\/div>\n\t\t\t\t\t\t<\/div>\n\t\t\t\t<\/div>\n\t\t\t\t\t<\/div>\n\t\t<\/div>\n\t\t\t\t<div class=\"elementor-column elementor-col-50 elementor-top-column elementor-element elementor-element-64054ca\" data-id=\"64054ca\" data-element_type=\"column\" data-e-type=\"column\" data-settings=\"{&quot;background_background&quot;:&quot;classic&quot;}\">\n\t\t\t<div class=\"elementor-widget-wrap elementor-element-populated\">\n\t\t\t\t\t\t<div class=\"elementor-element elementor-element-87c1d50 elementor-widget elementor-widget-text-editor\" data-id=\"87c1d50\" data-element_type=\"widget\" data-e-type=\"widget\" data-widget_type=\"text-editor.default\">\n\t\t\t\t<div class=\"elementor-widget-container\">\n\t\t\t\t\t\t\t\t\t<h3>\u00d6ffnungszeiten<\/h3><p><strong>Montag bis Freitag:<\/strong><br \/>07.00-12.00 Uhr, 13.00-17.00 Uhr<\/p><p><strong>Samstag:<\/strong><br \/>08.00-11.45 Uhr<\/p>\t\t\t\t\t\t\t\t<\/div>\n\t\t\t\t<\/div>\n\t\t\t\t<div class=\"elementor-element elementor-element-6b3bc07 elementor-widget elementor-widget-heading\" data-id=\"6b3bc07\" data-element_type=\"widget\" data-e-type=\"widget\" data-widget_type=\"heading.default\">\n\t\t\t\t<div class=\"elementor-widget-container\">\n\t\t\t\t\t<h3 class=\"elementor-heading-title elementor-size-default\">Nur Barzahlung m\u00f6glich. <\/h3>\t\t\t\t<\/div>\n\t\t\t\t<\/div>\n\t\t\t\t\t<\/div>\n\t\t<\/div>\n\t\t\t\t\t<\/div>\n\t\t<\/section>\n\t\t\t\t<\/div>\n\t\t","protected":false},"excerpt":{"rendered":"<p>SammelStelle Sie m\u00f6chten Ihre Abf\u00e4lle direkt bei uns vorbeibringen? Das geht ganz einfach! Unser modernes Wiederverwertungszentrum wurde speziell f\u00fcr Anlieferer kleiner Abfallmengen eingerichtet. Besucher aus Privathaushalten k\u00f6nnen ihre Abf\u00e4lle selbstst\u00e4ndig und unkompliziert entsorgen. Kommen Sie vorbei, wir nehmen fast jede Art von Abfall an und freuen uns, Ihnen bei der Annahme zu helfen. Sammelstelle F\u00fcr [&hellip;]<\/p>\n","protected":false},"author":1,"featured_media":0,"parent":0,"menu_order":0,"comment_status":"closed","ping_status":"closed","template":"elementor_header_footer","meta":{"_acf_changed":false,"footnotes":""},"class_list":["post-38","page","type-page","status-publish","hentry"],"acf":[],"_links":{"self":[{"href":"https:\/\/edi.ag\/fr\/wp-json\/wp\/v2\/pages\/38","targetHints":{"allow":["GET"]}}],"collection":[{"href":"https:\/\/edi.ag\/fr\/wp-json\/wp\/v2\/pages"}],"about":[{"href":"https:\/\/edi.ag\/fr\/wp-json\/wp\/v2\/types\/page"}],"author":[{"embeddable":true,"href":"https:\/\/edi.ag\/fr\/wp-json\/wp\/v2\/users\/1"}],"replies":[{"embeddable":true,"href":"https:\/\/edi.ag\/fr\/wp-json\/wp\/v2\/comments?post=38"}],"version-history":[{"count":144,"href":"https:\/\/edi.ag\/fr\/wp-json\/wp\/v2\/pages\/38\/revisions"}],"predecessor-version":[{"id":4411,"href":"https:\/\/edi.ag\/fr\/wp-json\/wp\/v2\/pages\/38\/revisions\/4411"}],"wp:attachment":[{"href":"https:\/\/edi.ag\/fr\/wp-json\/wp\/v2\/media?parent=38"}],"curies":[{"name":"wp","href":"https:\/\/api.w.org\/{rel}","templated":true}]}}