{"id":3838,"date":"2022-01-25T14:51:37","date_gmt":"2022-01-25T14:51:37","guid":{"rendered":"https:\/\/edi.ag\/?page_id=3838"},"modified":"2023-09-11T05:22:27","modified_gmt":"2023-09-11T05:22:27","slug":"datenschutzerklaerung","status":"publish","type":"page","link":"https:\/\/edi.ag\/fr\/datenschutzerklaerung\/","title":{"rendered":"D\u00e9claration de protection des donn\u00e9es"},"content":{"rendered":"\t\t<div data-elementor-type=\"wp-page\" data-elementor-id=\"3838\" class=\"elementor elementor-3838\" data-elementor-post-type=\"page\">\n\t\t\t\t\t\t<section class=\"elementor-section elementor-top-section elementor-element elementor-element-2f6612d2 elementor-section-boxed elementor-section-height-default elementor-section-height-default\" data-id=\"2f6612d2\" data-element_type=\"section\" data-e-type=\"section\" data-settings=\"{&quot;jet_parallax_layout_list&quot;:[{&quot;jet_parallax_layout_image&quot;:{&quot;url&quot;:&quot;&quot;,&quot;id&quot;:&quot;&quot;,&quot;size&quot;:&quot;&quot;},&quot;_id&quot;:&quot;10fab18&quot;,&quot;jet_parallax_layout_image_tablet&quot;:{&quot;url&quot;:&quot;&quot;,&quot;id&quot;:&quot;&quot;,&quot;size&quot;:&quot;&quot;},&quot;jet_parallax_layout_image_mobile&quot;:{&quot;url&quot;:&quot;&quot;,&quot;id&quot;:&quot;&quot;,&quot;size&quot;:&quot;&quot;},&quot;jet_parallax_layout_speed&quot;:{&quot;unit&quot;:&quot;%&quot;,&quot;size&quot;:50,&quot;sizes&quot;:[]},&quot;jet_parallax_layout_type&quot;:&quot;scroll&quot;,&quot;jet_parallax_layout_direction&quot;:&quot;1&quot;,&quot;jet_parallax_layout_fx_direction&quot;:null,&quot;jet_parallax_layout_z_index&quot;:&quot;&quot;,&quot;jet_parallax_layout_bg_x&quot;:50,&quot;jet_parallax_layout_bg_x_tablet&quot;:&quot;&quot;,&quot;jet_parallax_layout_bg_x_mobile&quot;:&quot;&quot;,&quot;jet_parallax_layout_bg_y&quot;:50,&quot;jet_parallax_layout_bg_y_tablet&quot;:&quot;&quot;,&quot;jet_parallax_layout_bg_y_mobile&quot;:&quot;&quot;,&quot;jet_parallax_layout_bg_size&quot;:&quot;auto&quot;,&quot;jet_parallax_layout_bg_size_tablet&quot;:&quot;&quot;,&quot;jet_parallax_layout_bg_size_mobile&quot;:&quot;&quot;,&quot;jet_parallax_layout_animation_prop&quot;:&quot;transform&quot;,&quot;jet_parallax_layout_on&quot;:[&quot;desktop&quot;,&quot;tablet&quot;]}]}\">\n\t\t\t\t\t\t<div class=\"elementor-container elementor-column-gap-default\">\n\t\t\t\t\t<div class=\"elementor-column elementor-col-100 elementor-top-column elementor-element elementor-element-4398c25e\" data-id=\"4398c25e\" data-element_type=\"column\" data-e-type=\"column\">\n\t\t\t<div class=\"elementor-widget-wrap elementor-element-populated\">\n\t\t\t\t\t\t<div class=\"elementor-element elementor-element-22ed5bf0 elementor-widget elementor-widget-text-editor\" data-id=\"22ed5bf0\" data-element_type=\"widget\" data-e-type=\"widget\" data-widget_type=\"text-editor.default\">\n\t\t\t\t<div class=\"elementor-widget-container\">\n\t\t\t\t\t\t\t\t\t<p><\/p>\n<p>Willkommen auf unserer Webseite! Wir freuen uns \u00fcber Ihren Besuch und Ihr Interesse an unseren Dienstleistungen.<\/p>\n<p><\/p>\n<p><\/p>\n<p>Mit dieser Datenschutzerkl\u00e4rung informieren wir Sie \u00fcber die Erhebung personenbezogener Daten w\u00e4hrend Ihres Besuchs auf einer der Webseiten von B\u00fchlmann Holding AG sowie allgemein bez\u00fcglich Umgang mit personenbezogenen Daten durch die Gesellschaften der B\u00fchlmann Holding AG.<\/p>\n<p><\/p>\n<p><\/p>\n<p>Durch die Nutzung unserer Webseiten erkl\u00e4ren Sie sich mit den vorliegenden Datenschutzbestimmungen einverstanden. Bitte beachten Sie, dass im Zuge der Weiterentwicklung unserer Webseiten, der Implementierung neuer Technologien, \u00c4nderungen gesetzlicher Bestimmungen oder Optimierung unserer Angebote gewisse Anpassungen dieser Datenschutzerkl\u00e4rung erforderlich werden k\u00f6nnen.<\/p>\n<p><\/p>\n<p><\/p>\n<p><\/p>\n<h2 class=\"wp-block-heading\">Verantwortlicher<\/h2>\n<p><\/p>\n<p><\/p>\n<p>Der Verantwortliche im Sinne der Datenschutzgesetzgebung ist:<\/p>\n<p><\/p>\n<p><\/p>\n<p>edi Entsorgungsdienste AG<a><br>Industriering 10<br>3250 Lyss<br>Schweiz<\/a><\/p><strong>Kontakt f\u00fcr Datenschutzfragen:<\/strong><p>E-Mail: <a href=\"mailto:datenschutz@bbr.ch\">datenschutz@bbr.ch<\/a><\/p>\n<p><\/p>\n<p><\/p>\n<p><\/p>\n<h2 class=\"wp-block-heading\">Anwendbares Recht<\/h2>\n<p><\/p>\n<p><\/p>\n<p>Die Gesellschaften der B\u00fchlmann Holding AG sind Schweizer Unternehmen. Ihre T\u00e4tigkeiten unterstehen in erster Linie dem Schweizer Recht. Dies gilt auch f\u00fcr die vorliegende Datenschutzerkl\u00e4rung, f\u00fcr welche das Schweizerische Datenschutzgesetz (DSG; SR 235.1) anwendbar ist. Allf\u00e4llige Hinweise zur europ\u00e4ischen Datenschutz-Grundverordnung (DSGVO) erfolgen auf freiwilliger Basis und ohne generelle Anerkennung der DSGVO.<\/p>\n<p><\/p>\n<p><\/p>\n<p><\/p>\n<h2 class=\"wp-block-heading\">Definition \u00abpersonenbezogene Daten\u00bb<\/h2>\n<p><\/p>\n<p><\/p>\n<p>\u201ePersonenbezogene Daten\u201c sind alle Informationen, die sich auf eine identifizierte oder identifizierbare nat\u00fcrliche Person (\u201ebetroffene Person\u201c) beziehen. Als identifizierbar wird eine nat\u00fcrliche Person angesehen, die direkt oder indirekt, insbesondere mittels Zuordnung zu einer Kennung wie einem Namen, zu einer Kennnummer, zu Standortdaten, zu einer Online-Kennung oder zu einem oder mehreren besonderen Merkmalen, die Ausdruck der physischen, physiologischen, genetischen, psychischen, wirtschaftlichen, kulturellen oder sozialen Identit\u00e4t dieser nat\u00fcrlichen Person sind, identifiziert werden kann.<\/p>\n<p><\/p>\n<p><\/p>\n<p><\/p>\n<h2 class=\"wp-block-heading\">Personenbezogene Daten und Verarbeitungszwecke<\/h2>\n<p><\/p>\n<p><\/p>\n<p><strong>Besuch unserer Webseiten<br><\/strong>Beim Besuch einer der Webseiten der B\u00fchlmann Holding AG werden folgende personenbezogene Daten in Logfiles gespeichert: IP-Adresse, Datum, Uhrzeit, Browser-Anfrage und allg. \u00fcbertragene Informationen zum Betriebssystem resp. Web-Browser. Diese Nutzungsdaten bilden die Basis f\u00fcr statistische und anonyme Auswertungen, welche ausschliesslich f\u00fcr den effizienten und sicheren Betrieb dieser Webseiten und deren Optimierung verwendet werden. Die Daten werden gel\u00f6scht, sobald sie f\u00fcr die Erreichung dieser Zwecke nicht mehr notwendig sind.<\/p>\n<p><\/p>\n<p><\/p>\n<p><strong>Kontaktaufnahme durch Sie<br><\/strong>Bei Ihrer Kontaktaufnahme mit einer der Gesellschaften der B\u00fchlmann Holding AG, wie beispielsweise per E-Mail oder Kontaktformular, werden die von Ihnen mitgeteilten personenbezogenen Daten (meist sind dies Name, Vorname und E-Mail-Adresse) gespeichert, um Ihre Anfrage zu bearbeiten. Rechtliche Schritte gegen die Versender von Spam-Mails bleiben ausdr\u00fccklich vorbehalten.<\/p>\n<p><\/p>\n<p><\/p>\n<p><strong><a href=\"https:\/\/bbr.ch\/wp-content\/uploads\/2022\/09\/Sicherheitskarte-Buehlmann-Holding-AG_d.pdf\" target=\"_blank\" rel=\"noopener\">Sicherheitskarte<\/a> von B\u00fchlmann Holding AG<br><\/strong>Um die Sicherheit unserer Kunden und Mitarbeitenden jederzeit zu gew\u00e4hrleisten, m\u00fcssen alle Beteiligten die Sicherheitsregeln der Gesellschaften der B\u00fchlmann Holding AG befolgen und deren Einhaltung schriftlich best\u00e4tigen. Hierf\u00fcr werden die Kontaktdaten ben\u00f6tigt und so lange wie f\u00fcr diesen Zweck n\u00f6tig aufbewahrt.<\/p>\n<p><\/p>\n<p><\/p>\n<p><strong>Video\u00fcberwachung<br><\/strong>Bei allen unseren Standorten (inkl. Sammelstellen) befinden sich Video\u00fcberwachungen. Diese werden ben\u00f6tigt, um die Sicherheit unserer Kunden und Mitarbeitenden jederzeit zu gew\u00e4hrleisten. Diese Daten werden nur f\u00fcr diesen Zweck erhoben und ausgewertet. Zugang zu den Daten haben nur autorisierte Personen der B\u00fchlmann Holding AG. Die Daten werden gel\u00f6scht, sobald sie nicht mehr ben\u00f6tigt werden.<\/p>\n<p><\/p>\n<p><\/p>\n<p><strong>Bewerbung auf eine Arbeitsstelle<\/strong><br>Wir freuen uns, wenn Sie sich auf unseren Webseiten nach einer Arbeitsstelle umsehen und sich bei uns bewerben! Damit wir Ihre Bewerbung entsprechend bearbeiten k\u00f6nnen, ben\u00f6tigen wir Ihre Kontaktdaten sowie die \u00fcblichen Bewerbungsunterlagen. Diese Informationen werden nur durch die hierf\u00fcr zust\u00e4ndigen Personen (normalerweise Personalverantwortliche und direkten Vorgesetzte) und nur f\u00fcr diesen Zweck bearbeitet.<\/p>\n<p><\/p>\n<p><\/p>\n<p><strong>Datenbearbeitung innerhalb der B\u00fchlmann Holding AG<\/strong><br>Innerhalb der B\u00fchlmann Holding AG k\u00f6nnen personenbezogene Daten weitergegeben werden, um den Dienstleistungsstandard aller Gesellschaften zu gew\u00e4hrleisten und gesetzliche Vorgaben sowie Sicherheit und Datenschutz durchzusetzen.<\/p>\n<p><\/p>\n<p><\/p>\n<p><\/p>\n<h2 class=\"wp-block-heading\">Rechtm\u00e4ssigkeit der Verarbeitung<\/h2>\n<p><\/p>\n<p><\/p>\n<p>Ihre Daten werden nur verarbeitet, wenn daf\u00fcr eine entsprechende Rechtsgrundlage besteht. F\u00fcr die Verarbeitung Ihrer personenbezogenen Daten st\u00fctzen wir uns insbesondere auf folgende Rechtsgrundlagen:<\/p>\n<p><\/p>\n<p><\/p>\n<ul class=\"wp-block-list\">\n<li>Ihre vorg\u00e4ngige Einwilligung (Art. 6 Abs. 1 lit. a DSGVO);<\/li>\n<li>zur Erf\u00fcllung unserer vertraglichen Pflichten gegen\u00fcber Ihnen (Art. 6 Abs. 1 lit. b DSGVO);<\/li>\n<li>zur Erf\u00fcllung unserer notwendigen rechtlichen Pflichten wie z.B. der Einhaltung von Sicherheitsregeln und gesetzlichen Aufbewahrungsvorschriften (Art. 6 Abs. 1 lit. c DSGVO);<\/li>\n<li>um lebenswichtige Interessen der betroffenen Person oder einer anderen nat\u00fcrlichen Person zu sch\u00fctzen wie z.B. beim Anliefern von Abfallgut auf unseren Sammelstellen (Art. 6 Abs. 1 lit. d DSGVO);<\/li>\n<li>zur Wahrung unserer berechtigten Interessen wie dem sicheren Betrieb unserer Webseiten (Art. 6 Abs. 1 lit. f DSGVO).<\/li>\n<\/ul>\n<p><\/p>\n<p><\/p>\n<p>Sollte die Einwilligung die Rechtsgrundlage f\u00fcr die Datenerhebung\/Datenverarbeitung gewesen sein, k\u00f6nnen Sie diese jederzeit widerrufen. Die Rechtm\u00e4ssigkeit der Verarbeitungen, die bis zum Widerruf auf Grundlage der Einwilligung erfolgten, bleibt davon unber\u00fchrt.<\/p>\n<p><\/p>\n<p><\/p>\n<p><\/p>\n<h2 class=\"wp-block-heading\">Auftragsverarbeitung<\/h2>\n<p><\/p>\n<p><\/p>\n<p>Unbeschadet sonstiger Bestimmungen behalten wir uns vor, Ihre Daten auf Basis der vorgenannten Rechtsgrundlagen an von uns beauftragte Auftragsverarbeiter zu \u00fcbermitteln (z.B. im Rahmen des Webhosting oder IT-Supports). Stets bestehen mit den so beauftragten Dienstleistern Vertr\u00e4ge \u00fcber die Auftragsverarbeitung. Diese stellen sicher, dass die entsprechend weitergegebenen Daten von unseren Beauftragten lediglich zur Erf\u00fcllung der von uns entsprechend vorstehender Zwecksetzung vorgegebenen Aufgaben und unter Einhaltung der erforderlichen technischen und organisatorischen Massnahmen zur Datensicherheit und zum Datenschutz verwendet werden.<\/p>\n<p><\/p>\n<p><\/p>\n<p><\/p>\n<h2 class=\"wp-block-heading\">Datensicherheit<\/h2>\n<p><\/p>\n<p><\/p>\n<p>Die B\u00fchlmann Holding AG bzw. ihre Gesellschaften treffen alle angemessenen organisatorischen und technischen Massnahmen zum Schutz der Vertraulichkeit, Integrit\u00e4t und Verf\u00fcgbarkeit der in ihrer Verantwortung liegenden personenbezogenen Daten. Beachten Sie jedoch bitte, dass die Vertraulichkeit und Integrit\u00e4t der \u00fcber eine unverschl\u00fcsselte E-Mail ausgetauschten Informationen nicht gew\u00e4hrleistet sind. Dies bedeutet, dass eine Information w\u00e4hrend der \u00dcbermittlung von Dritten gelesen oder ver\u00e4ndert werden k\u00f6nnte. Schliesslich liegt es in der Verantwortung jedes Nutzers dieser Webseite, seinen Computer und seine Ger\u00e4te wie auch die Anmeldeinformationen (insb. Logins wie Benutzername und Passwort) entsprechend zu sch\u00fctzen.<\/p>\n<p><\/p>\n<p><\/p>\n<p><\/p>\n<h2 class=\"wp-block-heading\">Cookies<\/h2>\n<p><\/p>\n<p><\/p>\n<p>Unsere Webseiten verwenden Cookies, mit denen Sie als Benutzer der Webseite w\u00e4hrend der Dauer Ihres Besuchs identifiziert werden k\u00f6nnen. Cookies sind kleine Informationseinheiten, die vom Web-Browser lokal auf Ihrem Rechner gespeichert werden. Cookies k\u00f6nnen keine Programme ausf\u00fchren oder Viren auf Ihren Computer \u00fcbertragen. Sie dienen lediglich dazu, die Performance einer Webseite zu optimieren und das Internetangebot der Gesellschaften der B\u00fchlmann Holding AG insgesamt nutzerfreundlicher und effektiver zu machen.<\/p>\n<p><\/p>\n<p><\/p>\n<p><strong>Die Nutzung der Webseiten ist auch ohne Cookies m\u00f6glich.<\/strong> Sie k\u00f6nnen Ihren Browser so einstellen, dass er Cookies zur\u00fcckweist, nur f\u00fcr eine Sitzung speichert oder sonst vorzeitig l\u00f6scht. Wenn Sie Cookies sperren, kann es allerdings sein, dass gewisse Funktionalit\u00e4ten der Webseite (wie z.B. Sprachwahl) nicht mehr funktionieren.<\/p>\n<p><\/p>\n<p><\/p>\n<p><\/p>\n<h2 class=\"wp-block-heading\">Links anderer Webseiten<\/h2>\n<p><\/p>\n<p><\/p>\n<p>Die Webseiten der B\u00fchlmann Holding AG enthalten Links (Verweise) zu anderen Webseiten oder Social Media Buttons. Auf deren Inhalt, Design, Richtigkeit, Aktualit\u00e4t, Zuverl\u00e4ssigkeit oder Rechtm\u00e4ssigkeit sowie deren Nutzungs- und Datenschutzbestimmungen haben wir keinerlei Einfluss. Jegliche Verantwortung wird daher abgelehnt.<\/p>\n<p><\/p>\n<p><\/p>\n<p><\/p>\n<h2 class=\"wp-block-heading\">Social Media<\/h2>\n<p><\/p>\n<p><\/p>\n<p>Unsere Webseiten enthalten Verlinkungen (Schnittstellen) zu diversen Social Media. Das ist f\u00fcr Sie jeweils ersichtlich (typischerweise \u00fcber entsprechende Symbole). Wir haben diese Elemente so konfiguriert, dass sie standardm\u00e4ssig deaktiviert sind. Aktivieren Sie sie (durch Anklicken), k\u00f6nnen die Betreiber der jeweiligen Social Media registrieren, dass Sie auf unserer Webseite sind und wo und k\u00f6nnen diese Informationen f\u00fcr ihre Zwecke nutzen.<\/p>\n<p><\/p>\n<p><\/p>\n<p><strong>Die Verarbeitung Ihrer personenbezogenen Daten durch Social Media liegt in der Verantwortung der jeweiligen Anbieter und erfolgt nach deren Datenschutzbestimmungen. Wir erhalten von ihnen keine Angaben \u00fcber Sie. Bitte beachten Sie auch, dass es sich bei diesen Social Media Anbietern um US-amerikanische Unternehmen handelt. Aktuell k\u00f6nnen wir nicht garantieren, dass sie die europ\u00e4ischen Datenschutzgesetze (DSGVO; DSG) einhalten. Bei allf\u00e4lligen Fragen im Zusammenhang der Nutzung dieser Social Media, k\u00f6nnen Sie sich direkt an diese Unternehmen wenden. Die Postanschriften und Datenschutzerkl\u00e4rungen sind nachstehend aufgef\u00fchrt.<\/strong><\/p>\n<p><\/p>\n<p><\/p>\n<p>Facebook-Produkte:<\/p>\n<p><\/p>\n<p><\/p>\n<ul class=\"wp-block-list\">\n<li><strong>Facebook:<\/strong> Facebook Ireland Ltd., 4 Grand Canal Square, Grand Canal Harbour, Dublin 2 Ireland; <a href=\"https:\/\/de-de.facebook.com\/policy.php\" target=\"_blank\" rel=\"noopener\">Datenschutzerkl\u00e4rung Facebook<\/a><\/li>\n<li><strong>Instagram:<\/strong> Facebook Ireland Ltd., 4 Grand Canal Square, Grand Canal Harbour, Dublin 2 Ireland; <a href=\"https:\/\/de-de.facebook.com\/policy.php\" target=\"_blank\" rel=\"noopener\">Datenschutzerkl\u00e4rung Facebook<\/a><\/li>\n<\/ul>\n<p><\/p>\n<p><\/p>\n<p>Google-Produkt:<\/p>\n<p><\/p>\n<p><\/p>\n<ul class=\"wp-block-list\">\n<li><strong>YouTube:<\/strong> Google Ireland Limited, Gordon House, 4 Barrow St, Dublin, D04 E5W5, Irland; <a href=\"https:\/\/policies.google.com\/privacy?hl=de-AT\" target=\"_blank\" rel=\"noopener\">Google-Datenschutzerkl\u00e4rung<\/a><\/li>\n<\/ul>\n<p><\/p>\n<p><\/p>\n<p>Weitere Social Media:<\/p>\n<p><\/p>\n<p><\/p>\n<ul class=\"wp-block-list\">\n<li><strong>LinkedIN:<\/strong> LinkedIn Ireland Unlimited Company, Attn: Legal Dept. (Privacy Policy and User Agreement), Wilton Plaza, Wilton Place, Dublin 2, Irland; <a href=\"https:\/\/de.linkedin.com\/legal\/privacy-policy?\" target=\"_blank\" rel=\"noopener\">Datenschutzrichtlinie von LinkedIN<\/a><\/li>\n<\/ul>\n<div>&nbsp;<\/div>\n<div>&nbsp;<\/div>\n<p><\/p>\n<p><\/p>\n<h2 class=\"wp-block-heading\">Google Dienste<\/h2>\n<p><\/p>\n<p><\/p>\n<p>Die Webseiten der B\u00fchlmann Holding AG bzw. ihrer Gesellschaften nutzen verschiedene Dienste von Google. Obschon wir alles technisch M\u00f6gliche tun, um Ihre personenbezogenen Daten bei Nutzung dieser Dienste entsprechend zu sch\u00fctzen, k\u00f6nnen wir nicht garantieren, dass Google die DSGVO bzw. das DSG entsprechend einh\u00e4lt. Die \u00dcbersicht der Google Datenschutzerkl\u00e4rung und Nutzungsbedingungen finden Sie <a href=\"https:\/\/policies.google.com\/?hl=de-AT\" target=\"_blank\" rel=\"noopener\">hier<\/a>.<\/p>\n<p><\/p>\n<p><\/p>\n<p><strong>Google Analytics<\/strong><\/p>\n<p><\/p>\n<p><\/p>\n<p>Wir nutzen Google Analytics, um die Nutzung unserer Webseiten analysieren und regelm\u00e4ssig verbessern zu k\u00f6nnen (Rechtsgrundlagen: Art. 13 Abs. 1 DSG bzw. Art. 6 Abs. 1 lit. f DSGVO). \u00dcber die gewonnenen Statistiken k\u00f6nnen wir unser Angebot verbessern und f\u00fcr Sie als Nutzer interessanter ausgestalten.<\/p>\n<p><\/p>\n<p><\/p>\n<p>Google Analytics verwendet Cookies (kleine Textdateien), die auf Ihrem Computer gespeichert werden und die eine Analyse der Benutzung unserer Webseiten durch Sie erm\u00f6glichen. Die durch das Cookie erzeugten Informationen \u00fcber Ihre Benutzung unserer Webseiten werden in der Regel an einen Server von Google in den USA \u00fcbertragen und dort gespeichert.<\/p>\n<p><\/p>\n<p><\/p>\n<p>Um Ihre personenbezogenen Daten bestm\u00f6glich zu sch\u00fctzen, haben wir die Erweiterung \u00ab_anonymizeIp()\u00bb implementiert. Dadurch werden IP-Adressen innerhalb von Mitgliedstaaten der Europ\u00e4ischen Union oder in anderen Vertragsstaaten des Abkommens \u00fcber den Europ\u00e4ischen Wirtschaftsraum gek\u00fcrzt weiterverarbeitet. Eine Personenbeziehbarkeit kann damit ausgeschlossen werden. Soweit den \u00fcber Sie erhobenen Daten ein Personenbezug zukommt, wird dieser also sofort ausgeschlossen und die personenbezogenen Daten damit umgehend gel\u00f6scht. Nur in Ausnahmef\u00e4llen wird die volle IP-Adresse an einen Server von Google in den USA \u00fcbertragen und dort gek\u00fcrzt.<\/p>\n<p><\/p>\n<p><\/p>\n<p>Im Auftrag einer Gesellschaft von B\u00fchlmann Holding AG benutzt Google diese Informationen, um Ihre Nutzung dieser Webseiten auszuwerten, um Reports \u00fcber die Webseiten-Aktivit\u00e4ten zusammenzustellen und um weitere mit der Webseiten-Nutzung und der Internetnutzung verbundene Dienstleistungen gegen\u00fcber den Webseiten-Betreibern zu erbringen. Die im Rahmen von Google Analytics von Ihrem Browser \u00fcbermittelte IP-Adresse wird nicht mit anderen Daten von Google zusammengef\u00fchrt.<\/p>\n<p><\/p>\n<p><\/p>\n<p><strong>Die Erfassung der durch das Cookie erzeugten und auf Ihre Nutzung der Webseiten bezogenen Daten (inkl. Ihrer IP-Adresse) sowie die Verarbeitung dieser Daten durch Google k\u00f6nnen Sie verhindern, indem Sie das <\/strong><a href=\"https:\/\/tools.google.com\/dlpage\/gaoptout?hl=de\" target=\"_blank\" rel=\"noopener\"><strong>Google Browser-Add-on zur Deaktivierung von Google Analytics<\/strong><\/a><strong> herunterladen und installieren.<\/strong><\/p>\n<p><\/p>\n<p><\/p>\n<p><strong>Google Maps<\/strong><\/p>\n<p><\/p>\n<p><\/p>\n<p>Die Webseiten von B\u00fchlmann Holding AG bzw. ihrer Gesellschaften nutzen zur visuellen Darstellung von Kartenmaterial die \u00abGoogle Maps API\u00bb&nbsp;von Google. Bei der Nutzung von Google Maps werden von Google auch Daten \u00fcber die Nutzung der Maps-Funktionen durch Besucher der Webseiten erhoben, verarbeitet und genutzt. Die Nutzungsbedingungen f\u00fcr Google Maps finden Sie <a href=\"http:\/\/www.google.com\/intl\/de_de\/help\/terms_maps.html\" target=\"_blank\" rel=\"noopener\">hier<\/a>. Weitere Informationen zu den Datenschutzrichtlinien von Google finden Sie unter <a href=\"https:\/\/policies.google.com\/?hl=de\" target=\"_blank\" rel=\"noopener\">Google Datenschutzerkl\u00e4rung &amp; Nutzungsbedingungen<\/a>.<\/p>\n<p><\/p>\n<p><\/p>\n<p><\/p>\n<h2 class=\"wp-block-heading\">Internationaler Kontext<\/h2>\n<p><\/p>\n<p><\/p>\n<p><strong>Schweiz und Europa<\/strong><\/p>\n<p><\/p>\n<p><\/p>\n<p>Die Sitze der Gesellschaften der B\u00fchlmann Holding AG befinden sich in der Schweiz. Die von den Gesellschaften der B\u00fchlmann Holding AG erhobenen und gespeicherten Daten werden grunds\u00e4tzlich in der Schweiz oder im Europ\u00e4ischen Wirtschaftsraum (EWR) verarbeitet. Hierf\u00fcr gelten das Schweizerische Datenschutzgesetz (DSG) und die europ\u00e4ische Datenschutz-Grundverordnung (DSGVO). Der Schutz der Daten im Austausch zwischen der Schweiz und den Staaten aus dem EWR wird \u00fcber den Angemessenheitsbeschluss der EU Kommission gew\u00e4hrleistet.<\/p>\n<p><\/p>\n<p><\/p>\n<p><\/p>\n<h2 class=\"wp-block-heading\">Speicherdauer und Datenl\u00f6schung<\/h2>\n<p><\/p>\n<p><\/p>\n<p>Ihre personenbezogenen Daten bleiben bei den Gesellschaften der B\u00fchlmann Holding AG nur so lange gespeichert bzw. aufbewahrt, wie es im Hinblick auf die Nutzung und den Betrieb ihrer Webseiten respektive zur Erf\u00fcllung vertraglicher Pflichten (z.B. Lieferantenvertr\u00e4ge) oder rechtlicher Pflichten (z.B. gesetzliche Aufbewahrungsfristen) sowie zur Wahrung unserer berechtigten Interessen (z.B. Aufkl\u00e4rung eines Cybersicherheitsvorfalls) notwendig ist. Danach werden Ihre personenbezogenen Daten aus unseren Systemen gel\u00f6scht oder anonymisiert, sodass Sie nicht mehr identifiziert werden k\u00f6nnen. Weitergehende Datenbearbeitungen, personenbezogene Auswertungen oder eine Weitergabe an Dritte finden nicht statt, ausser im Zusammenhang mit technischen Sicherheitsvorf\u00e4llen oder strafbaren Handlungen.<\/p>\n<p><\/p>\n<p><\/p>\n<p><\/p>\n<h2 class=\"wp-block-heading\">Ihre Rechte<\/h2>\n<p><\/p>\n<p><\/p>\n<p>Sie haben gegen\u00fcber den Gesellschaften der B\u00fchlmann Holding AG folgende gesetzlich verankerten Rechte hinsichtlich der Sie betreffenden personenbezogenen Daten:<\/p>\n<p><\/p>\n<p><\/p>\n<ul class=\"wp-block-list\">\n<li>Recht auf Auskunft,<\/li>\n<li>Recht auf Berichtigung oder L\u00f6schung,<\/li>\n<li>Recht auf Einschr\u00e4nkung der Verarbeitung,<\/li>\n<li>Recht auf Widerruf und Widerspruch gegen die Verarbeitung,<\/li>\n<li>Recht auf Daten\u00fcbertragbarkeit.<\/li>\n<\/ul>\n<p><\/p>\n<p><\/p>\n<p>Wenn Sie glauben, dass die Verarbeitung Ihrer Daten gegen das Datenschutzrecht verst\u00f6sst oder Ihre datenschutzrechtlichen Anspr\u00fcche sonst in einer Weise verletzt worden sind, k\u00f6nnen Sie sich per E-Mail an unseren Datenschutzkontakt wenden oder an die Datenschutzbeh\u00f6rde in der Rechtsordnung, in der Sie leben und sich dort beschweren.<\/p>\n<p><\/p>\n<p><\/p>\n<p><\/p>\n<h2 class=\"wp-block-heading\">Kontakt<\/h2>\n<p><\/p>\n<p><\/p>\n<p>Haben Sie Fragen zur vorliegenden Datenschutzerkl\u00e4rung oder m\u00f6chten Sie Ihre Datenschutzrechte wahrnehmen? Dann wenden Sie sich bitte an folgenden Kontakt:<\/p>\n<p><\/p>\n<p><\/p>\n<p>E-Mail: <a href=\"mailto:datenschutz@bbr.ch\">datenschutz@bbr.ch<\/a><\/p>\n<p><\/p>\n<p><\/p>\n<p><\/p>\n<h2 class=\"wp-block-heading\">\u00c4nderungen<\/h2>\n<p><\/p>\n<p><\/p>\n<p>Wir behalten uns das Recht vor, diese Datenschutzerkl\u00e4rung jederzeit mit Wirkung f\u00fcr die Zukunft zu \u00e4ndern. Eine \u00c4nderung kann insbesondere erforderlich werden, um ge\u00e4nderten gesetzlichen Vorgaben, Forderungen der Aufsichtsbeh\u00f6rden oder technologischen Ver\u00e4nderungen zu entsprechen. Es gilt die jeweils auf unseren Webseiten publizierte Version.<\/p>\n<p><\/p>\n<p><\/p>\n<p><\/p>\n<p>Letzte \u00c4nderung: 17. M\u00e4rz 2022&nbsp;<\/p>\n<p><\/p>\t\t\t\t\t\t\t\t<\/div>\n\t\t\t\t<\/div>\n\t\t\t\t\t<\/div>\n\t\t<\/div>\n\t\t\t\t\t<\/div>\n\t\t<\/section>\n\t\t\t\t<\/div>\n\t\t","protected":false},"excerpt":{"rendered":"<p>Willkommen auf unserer Webseite! Wir freuen uns \u00fcber Ihren Besuch und Ihr Interesse an unseren Dienstleistungen. Mit dieser Datenschutzerkl\u00e4rung informieren wir Sie \u00fcber die Erhebung personenbezogener Daten w\u00e4hrend Ihres Besuchs auf einer der Webseiten von B\u00fchlmann Holding AG sowie allgemein bez\u00fcglich Umgang mit personenbezogenen Daten durch die Gesellschaften der B\u00fchlmann Holding AG. Durch die Nutzung [&hellip;]<\/p>\n","protected":false},"author":1,"featured_media":0,"parent":0,"menu_order":0,"comment_status":"closed","ping_status":"closed","template":"","meta":{"_acf_changed":false,"footnotes":""},"class_list":["post-3838","page","type-page","status-publish","hentry"],"acf":[],"_links":{"self":[{"href":"https:\/\/edi.ag\/fr\/wp-json\/wp\/v2\/pages\/3838","targetHints":{"allow":["GET"]}}],"collection":[{"href":"https:\/\/edi.ag\/fr\/wp-json\/wp\/v2\/pages"}],"about":[{"href":"https:\/\/edi.ag\/fr\/wp-json\/wp\/v2\/types\/page"}],"author":[{"embeddable":true,"href":"https:\/\/edi.ag\/fr\/wp-json\/wp\/v2\/users\/1"}],"replies":[{"embeddable":true,"href":"https:\/\/edi.ag\/fr\/wp-json\/wp\/v2\/comments?post=3838"}],"version-history":[{"count":56,"href":"https:\/\/edi.ag\/fr\/wp-json\/wp\/v2\/pages\/3838\/revisions"}],"predecessor-version":[{"id":4271,"href":"https:\/\/edi.ag\/fr\/wp-json\/wp\/v2\/pages\/3838\/revisions\/4271"}],"wp:attachment":[{"href":"https:\/\/edi.ag\/fr\/wp-json\/wp\/v2\/media?parent=3838"}],"curies":[{"name":"wp","href":"https:\/\/api.w.org\/{rel}","templated":true}]}}